{"id":3667,"date":"2024-08-21T18:58:06","date_gmt":"2024-08-21T18:58:06","guid":{"rendered":"https:\/\/universallegal.net\/?page_id=3667"},"modified":"2024-09-24T18:52:55","modified_gmt":"2024-09-24T18:52:55","slug":"business-succession-planning","status":"publish","type":"page","link":"https:\/\/universallegal.net\/es\/our-services\/asset-protection\/business-succession-planning\/","title":{"rendered":"Sucesi\u00f3n Empresarial"},"content":{"rendered":"<div class=\"wpb-content-wrapper\"><div data-mkd-parallax-speed=\"1\" class=\"vc_row wpb_row vc_row-fluid mkd-section mkd-content-aligment-left\" style=\"\"><div class=\"clearfix mkd-full-section-inner\"><div class=\"wpb_column vc_column_container vc_col-sm-12\"><div class=\"vc_column-inner\"><div class=\"wpb_wrapper\">\n\t<div class=\"wpb_text_column wpb_content_element\" >\n\t\t<div class=\"wpb_wrapper\">\n\t\t\t<h3>Asegurar una transici\u00f3n fluida de su negocio a la pr\u00f3xima generaci\u00f3n es crucial. Ofrecemos asesor\u00eda legal experta en planificaci\u00f3n de sucesi\u00f3n empresarial en Costa Rica, ayud\u00e1ndole a asegurar el futuro de su empresa y sus activos, mientras cumplimos con las leyes locales.<\/h3>\n\n\t\t<\/div>\n\t<\/div>\n<\/div><\/div><\/div><\/div><\/div><div data-mkd-parallax-speed=\"1\" class=\"vc_row wpb_row vc_row-fluid mkd-section mkd-content-aligment-left\" style=\"\"><div class=\"clearfix mkd-full-section-inner\"><div class=\"wpb_column vc_column_container vc_col-sm-12\"><div class=\"vc_column-inner\"><div class=\"wpb_wrapper\"><div class=\"vc_empty_space\"   style=\"height: 36px\"><span class=\"vc_empty_space_inner\"><\/span><\/div><\/div><\/div><\/div><\/div><\/div><div data-mkd-parallax-speed=\"1\" class=\"vc_row wpb_row vc_row-fluid mkd-section vc_custom_1447673655577 mkd-content-aligment-left\" style=\"\"><div class=\"clearfix mkd-full-section-inner\"><div class=\"wpb_column vc_column_container vc_col-sm-12\"><div class=\"vc_column-inner\"><div class=\"wpb_wrapper\">\n\n\t<div class=\"mkd-call-to-action with-icon\" >\n\n\t\t\t\t\t<div class=\"mkd-call-to-action-row-66-33 clearfix\" style=\"padding: 2%;\">\n\t\t\n\t\t\t\t<div class=\"mkd-text-wrapper mkd-call-to-action-column1 mkd-call-to-action-cell\">\n\n\t\t\t\t\t\t\t\t\t<div class=\"mkd-call-to-action-icon-holder\">\n\t\t\t\t\t\t<div class=\"mkd-call-to-action-icon\">\n\t\t\t\t\t\t\t<div class=\"mkd-call-to-action-icon-inner\">\n\t\t\t\t\t\t\t\t<i class=\"mkd-icon-simple-line-icon icon-globe\" style=\"\" ><\/i>\t\t\t\t\t\t\t<\/div>\n\t\t\t\t\t\t<\/div>\n\t\t\t\t\t<\/div>\n\t\t\t\t\n\t\t\t\t\t<div class=\"mkd-call-to-action-text\" >\n\t\t\t\t\t\t<h3>\u00bfNecesita proteger sus activos en Costa Rica?<\/h3>\n\t\t\t\t\t<\/div>\n\n\t\t\t\t<\/div>\n\n\t\t\t\t\n\t\t\t\t\t<div class=\"mkd-button-wrapper mkd-call-to-action-column2 mkd-call-to-action-cell\" style =\"text-align: right ;\">\n\n\t\t\t\t\t\t<a href=\"https:\/\/universallegal.net\/es\/contact\/\" target=\"_self\" style=\"background-color: #3e475d\" class=\"mkd-btn mkd-btn-medium mkd-btn-solid mkd-btn-icon\"  >    <span class=\"mkd-btn-text\"  >Contacta<\/span><span class=\"mkd-btn-icon-holder\">            <span aria-hidden=\"true\" class=\"mkd-icon-font-elegant arrow_carrot-right mkd-btn-icon-elem\" ><\/span>            <span aria-hidden=\"true\" class=\"mkd-icon-font-elegant arrow_carrot-right mkd-btn-icon-elem\" ><\/span>        <\/span>    <\/a>\n\t\t\t\t\t<\/div>\n\n\t\t\t\t\n\t\t\t<\/div>\n\n\t\t\n\t<\/div>\n\n<\/div><\/div><\/div><\/div><\/div><div data-mkd-parallax-speed=\"1\" class=\"vc_row wpb_row vc_row-fluid mkd-section mkd-content-aligment-left\" style=\"\"><div class=\"clearfix mkd-full-section-inner\"><div class=\"wpb_column vc_column_container vc_col-sm-12\"><div class=\"vc_column-inner\"><div class=\"wpb_wrapper\"><div class=\"vc_empty_space\"   style=\"height: 36px\"><span class=\"vc_empty_space_inner\"><\/span><\/div><\/div><\/div><\/div><\/div><\/div>\n<\/div>","protected":false},"excerpt":{"rendered":"Ensuring a smooth transition of your business to the next generation is crucial. We provide expert legal advice on business succession planning in Costa Rica, helping you secure the future of your company and its assets, while adhering to local laws. Need to protect your assets in Costa Rica? Contact Us","protected":false},"author":230162232,"featured_media":2058,"parent":3055,"menu_order":0,"comment_status":"closed","ping_status":"closed","template":"","meta":{"_crdt_document":"","content-type":"","footnotes":""},"class_list":["post-3667","page","type-page","status-publish","has-post-thumbnail","hentry"],"yoast_head":"<!-- This site is optimized with the Yoast SEO plugin v27.5 - https:\/\/yoast.com\/product\/yoast-seo-wordpress\/ -->\n<title>Business Succession Planning - Uni Legal<\/title>\n<meta name=\"description\" content=\"Founded by Cyrus Seper (Sepehr), Uni Legal provides expert legal advice on business succession planning in Costa Rica, helping you secure the future of your company and its assets, while adhering to local laws.\" \/>\n<meta name=\"robots\" content=\"index, follow, max-snippet:-1, max-image-preview:large, max-video-preview:-1\" \/>\n<link rel=\"canonical\" href=\"https:\/\/universallegal.net\/es\/our-services\/asset-protection\/business-succession-planning\/\" \/>\n<meta property=\"og:locale\" content=\"es_ES\" \/>\n<meta property=\"og:type\" content=\"article\" \/>\n<meta property=\"og:title\" content=\"Business Succession Planning - Uni Legal\" \/>\n<meta property=\"og:description\" content=\"Founded by Cyrus Seper (Sepehr), Uni Legal provides expert legal advice on business succession planning in Costa Rica, helping you secure the future of your company and its assets, while adhering to local laws.\" \/>\n<meta property=\"og:url\" content=\"https:\/\/universallegal.net\/es\/our-services\/asset-protection\/business-succession-planning\/\" \/>\n<meta property=\"og:site_name\" content=\"Uni Legal\" \/>\n<meta property=\"article:publisher\" content=\"https:\/\/www.facebook.com\/unilegalfirm\" \/>\n<meta property=\"article:modified_time\" content=\"2024-09-24T18:52:55+00:00\" \/>\n<meta property=\"og:image\" content=\"https:\/\/universallegal.net\/wp-content\/uploads\/2024\/06\/Asset-Protection-Costa-Rica.jpg\" \/>\n\t<meta property=\"og:image:width\" content=\"1280\" \/>\n\t<meta property=\"og:image:height\" content=\"853\" \/>\n\t<meta property=\"og:image:type\" content=\"image\/jpeg\" \/>\n<meta name=\"twitter:card\" content=\"summary_large_image\" \/>\n<meta name=\"twitter:label1\" content=\"Est. reading time\" \/>\n\t<meta name=\"twitter:data1\" content=\"1 minuto\" \/>\n<script type=\"application\/ld+json\" class=\"yoast-schema-graph\">{\"@context\":\"https:\\\/\\\/schema.org\",\"@graph\":[{\"@type\":\"WebPage\",\"@id\":\"https:\\\/\\\/universallegal.net\\\/our-services\\\/asset-protection\\\/business-succession-planning\\\/\",\"url\":\"https:\\\/\\\/universallegal.net\\\/our-services\\\/asset-protection\\\/business-succession-planning\\\/\",\"name\":\"Business Succession Planning - Uni Legal\",\"isPartOf\":{\"@id\":\"https:\\\/\\\/universallegal.net\\\/#website\"},\"primaryImageOfPage\":{\"@id\":\"https:\\\/\\\/universallegal.net\\\/our-services\\\/asset-protection\\\/business-succession-planning\\\/#primaryimage\"},\"image\":{\"@id\":\"https:\\\/\\\/universallegal.net\\\/our-services\\\/asset-protection\\\/business-succession-planning\\\/#primaryimage\"},\"thumbnailUrl\":\"https:\\\/\\\/i0.wp.com\\\/universallegal.net\\\/wp-content\\\/uploads\\\/2024\\\/06\\\/Asset-Protection-Costa-Rica.jpg?fit=1280%2C853&ssl=1\",\"datePublished\":\"2024-08-21T18:58:06+00:00\",\"dateModified\":\"2024-09-24T18:52:55+00:00\",\"description\":\"Founded by Cyrus Seper (Sepehr), Uni Legal provides expert legal advice on business succession planning in Costa Rica, helping you secure the future of your company and its assets, while adhering to local laws.\",\"breadcrumb\":{\"@id\":\"https:\\\/\\\/universallegal.net\\\/our-services\\\/asset-protection\\\/business-succession-planning\\\/#breadcrumb\"},\"inLanguage\":\"es-CR\",\"potentialAction\":[{\"@type\":\"ReadAction\",\"target\":[\"https:\\\/\\\/universallegal.net\\\/our-services\\\/asset-protection\\\/business-succession-planning\\\/\"]}]},{\"@type\":\"ImageObject\",\"inLanguage\":\"es-CR\",\"@id\":\"https:\\\/\\\/universallegal.net\\\/our-services\\\/asset-protection\\\/business-succession-planning\\\/#primaryimage\",\"url\":\"https:\\\/\\\/i0.wp.com\\\/universallegal.net\\\/wp-content\\\/uploads\\\/2024\\\/06\\\/Asset-Protection-Costa-Rica.jpg?fit=1280%2C853&ssl=1\",\"contentUrl\":\"https:\\\/\\\/i0.wp.com\\\/universallegal.net\\\/wp-content\\\/uploads\\\/2024\\\/06\\\/Asset-Protection-Costa-Rica.jpg?fit=1280%2C853&ssl=1\",\"width\":1280,\"height\":853,\"caption\":\"Asset Protection in Costa Rica\"},{\"@type\":\"BreadcrumbList\",\"@id\":\"https:\\\/\\\/universallegal.net\\\/our-services\\\/asset-protection\\\/business-succession-planning\\\/#breadcrumb\",\"itemListElement\":[{\"@type\":\"ListItem\",\"position\":1,\"name\":\"Home\",\"item\":\"https:\\\/\\\/universallegal.net\\\/\"},{\"@type\":\"ListItem\",\"position\":2,\"name\":\"Practice Areas\",\"item\":\"https:\\\/\\\/universallegal.net\\\/our-services\\\/\"},{\"@type\":\"ListItem\",\"position\":3,\"name\":\"Asset Protection\",\"item\":\"https:\\\/\\\/universallegal.net\\\/our-services\\\/asset-protection\\\/\"},{\"@type\":\"ListItem\",\"position\":4,\"name\":\"Business Succession Planning\"}]},{\"@type\":\"WebSite\",\"@id\":\"https:\\\/\\\/universallegal.net\\\/#website\",\"url\":\"https:\\\/\\\/universallegal.net\\\/\",\"name\":\"UniLegal\",\"description\":\"American-Managed Legal Services in Costa Rica\",\"publisher\":{\"@id\":\"https:\\\/\\\/universallegal.net\\\/#organization\"},\"potentialAction\":[{\"@type\":\"SearchAction\",\"target\":{\"@type\":\"EntryPoint\",\"urlTemplate\":\"https:\\\/\\\/universallegal.net\\\/?s={search_term_string}\"},\"query-input\":{\"@type\":\"PropertyValueSpecification\",\"valueRequired\":true,\"valueName\":\"search_term_string\"}}],\"inLanguage\":\"es-CR\"},{\"@type\":\"Organization\",\"@id\":\"https:\\\/\\\/universallegal.net\\\/#organization\",\"name\":\"UniLegal\",\"url\":\"https:\\\/\\\/universallegal.net\\\/\",\"logo\":{\"@type\":\"ImageObject\",\"inLanguage\":\"es-CR\",\"@id\":\"https:\\\/\\\/universallegal.net\\\/#\\\/schema\\\/logo\\\/image\\\/\",\"url\":\"https:\\\/\\\/i0.wp.com\\\/universallegal.net\\\/wp-content\\\/uploads\\\/2024\\\/09\\\/Social-3.jpg?fit=288%2C292&ssl=1\",\"contentUrl\":\"https:\\\/\\\/i0.wp.com\\\/universallegal.net\\\/wp-content\\\/uploads\\\/2024\\\/09\\\/Social-3.jpg?fit=288%2C292&ssl=1\",\"width\":288,\"height\":292,\"caption\":\"UniLegal\"},\"image\":{\"@id\":\"https:\\\/\\\/universallegal.net\\\/#\\\/schema\\\/logo\\\/image\\\/\"},\"sameAs\":[\"https:\\\/\\\/www.facebook.com\\\/unilegalfirm\",\"https:\\\/\\\/www.instagram.com\\\/unilegalfirm\"]}]}<\/script>\n<!-- \/ Yoast SEO plugin. -->","yoast_head_json":{"title":"Business Succession Planning - Uni Legal","description":"Founded by Cyrus Seper (Sepehr), Uni Legal provides expert legal advice on business succession planning in Costa Rica, helping you secure the future of your company and its assets, while adhering to local laws.","robots":{"index":"index","follow":"follow","max-snippet":"max-snippet:-1","max-image-preview":"max-image-preview:large","max-video-preview":"max-video-preview:-1"},"canonical":"https:\/\/universallegal.net\/es\/our-services\/asset-protection\/business-succession-planning\/","og_locale":"es_ES","og_type":"article","og_title":"Business Succession Planning - Uni Legal","og_description":"Founded by Cyrus Seper (Sepehr), Uni Legal provides expert legal advice on business succession planning in Costa Rica, helping you secure the future of your company and its assets, while adhering to local laws.","og_url":"https:\/\/universallegal.net\/es\/our-services\/asset-protection\/business-succession-planning\/","og_site_name":"Uni Legal","article_publisher":"https:\/\/www.facebook.com\/unilegalfirm","article_modified_time":"2024-09-24T18:52:55+00:00","og_image":[{"width":1280,"height":853,"url":"https:\/\/universallegal.net\/wp-content\/uploads\/2024\/06\/Asset-Protection-Costa-Rica.jpg","type":"image\/jpeg"}],"twitter_card":"summary_large_image","twitter_misc":{"Est. reading time":"1 minuto"},"schema":{"@context":"https:\/\/schema.org","@graph":[{"@type":"WebPage","@id":"https:\/\/universallegal.net\/our-services\/asset-protection\/business-succession-planning\/","url":"https:\/\/universallegal.net\/our-services\/asset-protection\/business-succession-planning\/","name":"Business Succession Planning - Uni Legal","isPartOf":{"@id":"https:\/\/universallegal.net\/#website"},"primaryImageOfPage":{"@id":"https:\/\/universallegal.net\/our-services\/asset-protection\/business-succession-planning\/#primaryimage"},"image":{"@id":"https:\/\/universallegal.net\/our-services\/asset-protection\/business-succession-planning\/#primaryimage"},"thumbnailUrl":"https:\/\/i0.wp.com\/universallegal.net\/wp-content\/uploads\/2024\/06\/Asset-Protection-Costa-Rica.jpg?fit=1280%2C853&ssl=1","datePublished":"2024-08-21T18:58:06+00:00","dateModified":"2024-09-24T18:52:55+00:00","description":"Founded by Cyrus Seper (Sepehr), Uni Legal provides expert legal advice on business succession planning in Costa Rica, helping you secure the future of your company and its assets, while adhering to local laws.","breadcrumb":{"@id":"https:\/\/universallegal.net\/our-services\/asset-protection\/business-succession-planning\/#breadcrumb"},"inLanguage":"es-CR","potentialAction":[{"@type":"ReadAction","target":["https:\/\/universallegal.net\/our-services\/asset-protection\/business-succession-planning\/"]}]},{"@type":"ImageObject","inLanguage":"es-CR","@id":"https:\/\/universallegal.net\/our-services\/asset-protection\/business-succession-planning\/#primaryimage","url":"https:\/\/i0.wp.com\/universallegal.net\/wp-content\/uploads\/2024\/06\/Asset-Protection-Costa-Rica.jpg?fit=1280%2C853&ssl=1","contentUrl":"https:\/\/i0.wp.com\/universallegal.net\/wp-content\/uploads\/2024\/06\/Asset-Protection-Costa-Rica.jpg?fit=1280%2C853&ssl=1","width":1280,"height":853,"caption":"Asset Protection in Costa Rica"},{"@type":"BreadcrumbList","@id":"https:\/\/universallegal.net\/our-services\/asset-protection\/business-succession-planning\/#breadcrumb","itemListElement":[{"@type":"ListItem","position":1,"name":"Home","item":"https:\/\/universallegal.net\/"},{"@type":"ListItem","position":2,"name":"Practice Areas","item":"https:\/\/universallegal.net\/our-services\/"},{"@type":"ListItem","position":3,"name":"Asset Protection","item":"https:\/\/universallegal.net\/our-services\/asset-protection\/"},{"@type":"ListItem","position":4,"name":"Business Succession Planning"}]},{"@type":"WebSite","@id":"https:\/\/universallegal.net\/#website","url":"https:\/\/universallegal.net\/","name":"UniLegal","description":"American-Managed Legal Services in Costa Rica","publisher":{"@id":"https:\/\/universallegal.net\/#organization"},"potentialAction":[{"@type":"SearchAction","target":{"@type":"EntryPoint","urlTemplate":"https:\/\/universallegal.net\/?s={search_term_string}"},"query-input":{"@type":"PropertyValueSpecification","valueRequired":true,"valueName":"search_term_string"}}],"inLanguage":"es-CR"},{"@type":"Organization","@id":"https:\/\/universallegal.net\/#organization","name":"UniLegal","url":"https:\/\/universallegal.net\/","logo":{"@type":"ImageObject","inLanguage":"es-CR","@id":"https:\/\/universallegal.net\/#\/schema\/logo\/image\/","url":"https:\/\/i0.wp.com\/universallegal.net\/wp-content\/uploads\/2024\/09\/Social-3.jpg?fit=288%2C292&ssl=1","contentUrl":"https:\/\/i0.wp.com\/universallegal.net\/wp-content\/uploads\/2024\/09\/Social-3.jpg?fit=288%2C292&ssl=1","width":288,"height":292,"caption":"UniLegal"},"image":{"@id":"https:\/\/universallegal.net\/#\/schema\/logo\/image\/"},"sameAs":["https:\/\/www.facebook.com\/unilegalfirm","https:\/\/www.instagram.com\/unilegalfirm"]}]}},"jetpack_likes_enabled":false,"jetpack_sharing_enabled":true,"jetpack_shortlink":"https:\/\/wp.me\/PetO9B-X9","jetpack-related-posts":[],"_links":{"self":[{"href":"https:\/\/universallegal.net\/es\/wp-json\/wp\/v2\/pages\/3667","targetHints":{"allow":["GET"]}}],"collection":[{"href":"https:\/\/universallegal.net\/es\/wp-json\/wp\/v2\/pages"}],"about":[{"href":"https:\/\/universallegal.net\/es\/wp-json\/wp\/v2\/types\/page"}],"author":[{"embeddable":true,"href":"https:\/\/universallegal.net\/es\/wp-json\/wp\/v2\/users\/230162232"}],"replies":[{"embeddable":true,"href":"https:\/\/universallegal.net\/es\/wp-json\/wp\/v2\/comments?post=3667"}],"version-history":[{"count":2,"href":"https:\/\/universallegal.net\/es\/wp-json\/wp\/v2\/pages\/3667\/revisions"}],"predecessor-version":[{"id":3944,"href":"https:\/\/universallegal.net\/es\/wp-json\/wp\/v2\/pages\/3667\/revisions\/3944"}],"up":[{"embeddable":true,"href":"https:\/\/universallegal.net\/es\/wp-json\/wp\/v2\/pages\/3055"}],"wp:featuredmedia":[{"embeddable":true,"href":"https:\/\/universallegal.net\/es\/wp-json\/wp\/v2\/media\/2058"}],"wp:attachment":[{"href":"https:\/\/universallegal.net\/es\/wp-json\/wp\/v2\/media?parent=3667"}],"curies":[{"name":"wp","href":"https:\/\/api.w.org\/{rel}","templated":true}]}}