{"id":3588,"date":"2024-08-21T12:25:26","date_gmt":"2024-08-21T12:25:26","guid":{"rendered":"https:\/\/universallegal.net\/?page_id=3588"},"modified":"2025-03-27T22:13:05","modified_gmt":"2025-03-27T22:13:05","slug":"cyrus-seper","status":"publish","type":"page","link":"https:\/\/universallegal.net\/es\/about-our-company\/cyrus-seper\/","title":{"rendered":"Cyrus Seper"},"content":{"rendered":"<div class=\"wpb-content-wrapper\"><div data-mkd-parallax-speed=\"1\" class=\"vc_row wpb_row vc_row-fluid mkd-section mkd-content-aligment-left\" style=\"\"><div class=\"clearfix mkd-full-section-inner\"><div class=\"wpb_column vc_column_container vc_col-sm-4\"><div class=\"vc_column-inner\"><div class=\"wpb_wrapper\"><div class=\"vc_empty_space\"   style=\"height: 32px\"><span class=\"vc_empty_space_inner\"><\/span><\/div><\/div><\/div><\/div><div class=\"wpb_column vc_column_container vc_col-sm-4\"><div class=\"vc_column-inner\"><div class=\"wpb_wrapper\">\n<div class=\"mkd-team more-info-shown\">\n\t<div class=\"mkd-team-inner\">\n\t\t\t\t\t<div class=\"mkd-team-image\">\n                <img fetchpriority=\"high\" decoding=\"async\" width=\"300\" height=\"300\" src=\"https:\/\/i0.wp.com\/universallegal.net\/wp-content\/uploads\/2024\/08\/Cyrus-2.jpg?fit=300%2C300&amp;ssl=1\" class=\"attachment-full size-full\" alt=\"Cyrus Seper (Sepehr)\" srcset=\"https:\/\/i0.wp.com\/universallegal.net\/wp-content\/uploads\/2024\/08\/Cyrus-2.jpg?w=300&amp;ssl=1 300w, https:\/\/i0.wp.com\/universallegal.net\/wp-content\/uploads\/2024\/08\/Cyrus-2.jpg?resize=150%2C150&amp;ssl=1 150w, https:\/\/i0.wp.com\/universallegal.net\/wp-content\/uploads\/2024\/08\/Cyrus-2.jpg?resize=12%2C12&amp;ssl=1 12w\" sizes=\"(max-width: 300px) 100vw, 300px\" data-attachment-id=\"3569\" data-permalink=\"https:\/\/universallegal.net\/es\/home-2\/cyrus-2\/\" data-orig-file=\"https:\/\/i0.wp.com\/universallegal.net\/wp-content\/uploads\/2024\/08\/Cyrus-2.jpg?fit=300%2C300&amp;ssl=1\" data-orig-size=\"300,300\" data-comments-opened=\"1\" data-image-meta=\"{&quot;aperture&quot;:&quot;0&quot;,&quot;credit&quot;:&quot;&quot;,&quot;camera&quot;:&quot;&quot;,&quot;caption&quot;:&quot;&quot;,&quot;created_timestamp&quot;:&quot;0&quot;,&quot;copyright&quot;:&quot;&quot;,&quot;focal_length&quot;:&quot;0&quot;,&quot;iso&quot;:&quot;0&quot;,&quot;shutter_speed&quot;:&quot;0&quot;,&quot;title&quot;:&quot;&quot;,&quot;orientation&quot;:&quot;1&quot;}\" data-image-title=\"Cyrus 2\" data-image-description=\"\" data-image-caption=\"\" data-large-file=\"https:\/\/i0.wp.com\/universallegal.net\/wp-content\/uploads\/2024\/08\/Cyrus-2.jpg?fit=300%2C300&amp;ssl=1\" \/>\t\t\t<\/div>\n\t\t\n\t\t\t\t<div class=\"mkd-team-info\">\n\t\t\t\t\t\t\t<div class=\"mkd-team-title-holder\">\n\t\t\t\t\t\t\t\t\t\t\t<h3 class=\"mkd-team-name\" >\n\t\t\t\t\t\t\tCyrus Seper, DBA\t\t\t\t\t\t<\/h3>\n\t\t\t\t\t\t\t\t\t\t\t\t\t\t\t\t<h5 class=\"mkd-team-position\" >Fundador y Socio Gerente<\/h5>\n\t\t\t\t\t\t\t\t\t<\/div>\n\t\t\t\t\t\t\t\t<div class=\"mkd-team-read-more\">\n\t\t\t\t\t\t\t<\/div>\n\t\t<\/div>\n\t<\/div>\n\t\t<div class=\"mkd-team-social-holder\">\n\t\t<div class=\"mkd-team-social\">\n\t\t\t<div class=\"mkd-team-social-inner\">\n\t\t\t\t<div class=\"mkd-team-social-wrapp clearfix\">\n\n\t\t\t\t\t\n\t\t\t\t<\/div>\n\t\t\t<\/div>\n\t\t<\/div>\n\t<\/div>\n\t<span class=\"mkd-team-triangle\"><\/span>\n<\/div><\/div><\/div><\/div><div class=\"wpb_column vc_column_container vc_col-sm-4\"><div class=\"vc_column-inner\"><div class=\"wpb_wrapper\"><div class=\"vc_empty_space\"   style=\"height: 32px\"><span class=\"vc_empty_space_inner\"><\/span><\/div><\/div><\/div><\/div><\/div><\/div><div data-mkd-parallax-speed=\"1\" class=\"vc_row wpb_row vc_row-fluid mkd-section vc_custom_1447672428433 mkd-content-aligment-left\" style=\"\"><div class=\"clearfix mkd-full-section-inner\"><div class=\"wpb_column vc_column_container vc_col-sm-12\"><div class=\"vc_column-inner\"><div class=\"wpb_wrapper\"><div class=\"vc_empty_space\"   style=\"height: 35px\"><span class=\"vc_empty_space_inner\"><\/span><\/div>\n<blockquote class=\"mkd-blockquote-shortcode\"  >\n\t<span class=\"mkd-icon-quotations-holder\" >\n\t\t<span aria-hidden=\"true\" class=\"mkd-icon-font-elegant icon_quotations\" ><\/span>\t<\/span>\n\t<h3 class=\"mkd-blockquote-text\" >\n\t<span>Cyrus Seper (Sepehr) es el fundador y socio gerente de UniLegal, donde lidera la gesti\u00f3n estrat\u00e9gica y operativa de la firma. Cyrus aprovecha su amplia experiencia en gesti\u00f3n empresarial para mejorar las iniciativas estrat\u00e9gicas y la efectividad operativa de la firma.<\/span>\n\t<\/h3>\n<\/blockquote><\/div><\/div><\/div><\/div><\/div><div data-mkd-parallax-speed=\"1\" class=\"vc_row wpb_row vc_row-fluid mkd-section mkd-content-aligment-left\" style=\"\"><div class=\"clearfix mkd-full-section-inner\"><div class=\"wpb_column vc_column_container vc_col-sm-12\"><div class=\"vc_column-inner\"><div class=\"wpb_wrapper\">\n\t<div class=\"wpb_text_column wpb_content_element\" >\n\t\t<div class=\"wpb_wrapper\">\n\t\t\t<p>Cyrus has a profound understanding of global business dynamics and specialized knowledge in global investigations, equipping UniLegal to deliver strategic insights and <a href=\"https:\/\/universallegal.net\/es\/our-services\/\">comprehensive legal services<\/a> on an international scale.<\/p>\n<p>Sus experiencias personales con la mala representaci\u00f3n y la injusticia alimentan su compromiso de convertir a UniLegal en un baluarte de justicia, enfatizando los derechos humanos. Este impulso personal se refleja en su dedicaci\u00f3n profesional para mantener altos est\u00e1ndares \u00e9ticos y perseguir la excelencia en todos los aspectos de las operaciones de la firma.<\/p>\n<p>Bajo la direcci\u00f3n de Cyrus, UniLegal est\u00e1 dedicada a ser m\u00e1s que solo una firma de abogados; es un defensor de la justicia y los derechos humanos, asegurando que cada cliente reciba un poderoso apoyo legal que defienda sus derechos y dignidad.<\/p>\n<p>Sigue nuestra p\u00e1gina de <a href=\"https:\/\/www.facebook.com\/unilegalfirm\">Facebook<\/a> para estar al tanto de lo \u00faltimo de Cyrus Seper.<\/p>\n\n\t\t<\/div>\n\t<\/div>\n<\/div><\/div><\/div><\/div><\/div><div data-mkd-parallax-speed=\"1\" class=\"vc_row wpb_row vc_row-fluid mkd-section mkd-content-aligment-left\" style=\"\"><div class=\"clearfix mkd-full-section-inner\"><div class=\"wpb_column vc_column_container vc_col-sm-12\"><div class=\"vc_column-inner\"><div class=\"wpb_wrapper\">\n\t<div  class=\"wpb_single_image wpb_content_element vc_align_center\">\n\t\t\n\t\t<figure class=\"wpb_wrapper vc_figure\">\n\t\t\t<div class=\"vc_single_image-wrapper   vc_box_border_grey\"><img decoding=\"async\" width=\"724\" height=\"1024\" src=\"https:\/\/i0.wp.com\/universallegal.net\/wp-content\/uploads\/2024\/12\/MembershipCertificate-December-1-2024-0009-copy.jpg?fit=724%2C1024&amp;ssl=1\" class=\"vc_single_image-img attachment-large\" alt=\"\" title=\"MembershipCertificate-December 1, 2024 0009 copy\" srcset=\"https:\/\/i0.wp.com\/universallegal.net\/wp-content\/uploads\/2024\/12\/MembershipCertificate-December-1-2024-0009-copy.jpg?w=2480&amp;ssl=1 2480w, https:\/\/i0.wp.com\/universallegal.net\/wp-content\/uploads\/2024\/12\/MembershipCertificate-December-1-2024-0009-copy.jpg?resize=212%2C300&amp;ssl=1 212w, https:\/\/i0.wp.com\/universallegal.net\/wp-content\/uploads\/2024\/12\/MembershipCertificate-December-1-2024-0009-copy.jpg?resize=724%2C1024&amp;ssl=1 724w, https:\/\/i0.wp.com\/universallegal.net\/wp-content\/uploads\/2024\/12\/MembershipCertificate-December-1-2024-0009-copy.jpg?resize=768%2C1086&amp;ssl=1 768w, https:\/\/i0.wp.com\/universallegal.net\/wp-content\/uploads\/2024\/12\/MembershipCertificate-December-1-2024-0009-copy.jpg?resize=1086%2C1536&amp;ssl=1 1086w, https:\/\/i0.wp.com\/universallegal.net\/wp-content\/uploads\/2024\/12\/MembershipCertificate-December-1-2024-0009-copy.jpg?resize=1448%2C2048&amp;ssl=1 1448w, https:\/\/i0.wp.com\/universallegal.net\/wp-content\/uploads\/2024\/12\/MembershipCertificate-December-1-2024-0009-copy.jpg?resize=8%2C12&amp;ssl=1 8w, https:\/\/i0.wp.com\/universallegal.net\/wp-content\/uploads\/2024\/12\/MembershipCertificate-December-1-2024-0009-copy.jpg?w=2120&amp;ssl=1 2120w\" sizes=\"(max-width: 724px) 100vw, 724px\" data-attachment-id=\"4089\" data-permalink=\"https:\/\/universallegal.net\/es\/our-services\/arbitration-mediation\/membershipcertificate-december-1-2024-0009-copy\/\" data-orig-file=\"https:\/\/i0.wp.com\/universallegal.net\/wp-content\/uploads\/2024\/12\/MembershipCertificate-December-1-2024-0009-copy.jpg?fit=2480%2C3508&amp;ssl=1\" data-orig-size=\"2480,3508\" data-comments-opened=\"1\" data-image-meta=\"{&quot;aperture&quot;:&quot;0&quot;,&quot;credit&quot;:&quot;&quot;,&quot;camera&quot;:&quot;&quot;,&quot;caption&quot;:&quot;&quot;,&quot;created_timestamp&quot;:&quot;0&quot;,&quot;copyright&quot;:&quot;&quot;,&quot;focal_length&quot;:&quot;0&quot;,&quot;iso&quot;:&quot;0&quot;,&quot;shutter_speed&quot;:&quot;0&quot;,&quot;title&quot;:&quot;&quot;,&quot;orientation&quot;:&quot;1&quot;}\" data-image-title=\"MembershipCertificate-December 1, 2024 0009 copy\" data-image-description=\"\" data-image-caption=\"\" data-large-file=\"https:\/\/i0.wp.com\/universallegal.net\/wp-content\/uploads\/2024\/12\/MembershipCertificate-December-1-2024-0009-copy.jpg?fit=724%2C1024&amp;ssl=1\" \/><\/div>\n\t\t<\/figure>\n\t<\/div>\n<\/div><\/div><\/div><\/div><\/div><div data-mkd-parallax-speed=\"1\" class=\"vc_row wpb_row vc_row-fluid mkd-section mkd-content-aligment-left\" style=\"\"><div class=\"clearfix mkd-full-section-inner\"><div class=\"wpb_column vc_column_container vc_col-sm-12\"><div class=\"vc_column-inner\"><div class=\"wpb_wrapper\"><div class=\"vc_empty_space\"   style=\"height: 36px\"><span class=\"vc_empty_space_inner\"><\/span><\/div><\/div><\/div><\/div><\/div><\/div><div data-mkd-parallax-speed=\"1\" class=\"vc_row wpb_row vc_row-fluid mkd-section vc_custom_1447673655577 mkd-content-aligment-left\" style=\"\"><div class=\"clearfix mkd-full-section-inner\"><div class=\"wpb_column vc_column_container vc_col-sm-12\"><div class=\"vc_column-inner\"><div class=\"wpb_wrapper\">\n\n\t<div class=\"mkd-call-to-action with-icon\" >\n\n\t\t\t\t\t<div class=\"mkd-call-to-action-row-66-33 clearfix\" style=\"padding: 2%;\">\n\t\t\n\t\t\t\t<div class=\"mkd-text-wrapper mkd-call-to-action-column1 mkd-call-to-action-cell\">\n\n\t\t\t\t\t\t\t\t\t<div class=\"mkd-call-to-action-icon-holder\">\n\t\t\t\t\t\t<div class=\"mkd-call-to-action-icon\">\n\t\t\t\t\t\t\t<div class=\"mkd-call-to-action-icon-inner\">\n\t\t\t\t\t\t\t\t<i class=\"mkd-icon-simple-line-icon icon-globe\" style=\"\" ><\/i>\t\t\t\t\t\t\t<\/div>\n\t\t\t\t\t\t<\/div>\n\t\t\t\t\t<\/div>\n\t\t\t\t\n\t\t\t\t\t<div class=\"mkd-call-to-action-text\" >\n\t\t\t\t\t\t<h3>Necesito contactar a Cyrus Seper?<\/h3>\n\t\t\t\t\t<\/div>\n\n\t\t\t\t<\/div>\n\n\t\t\t\t\n\t\t\t\t\t<div class=\"mkd-button-wrapper mkd-call-to-action-column2 mkd-call-to-action-cell\" style =\"text-align: right ;\">\n\n\t\t\t\t\t\t<a href=\"https:\/\/universallegal.net\/es\/contact\/\" target=\"_self\" style=\"background-color: #3e475d\" class=\"mkd-btn mkd-btn-medium mkd-btn-solid mkd-btn-icon\"  >    <span class=\"mkd-btn-text\"  >Contacta<\/span><span class=\"mkd-btn-icon-holder\">            <span aria-hidden=\"true\" class=\"mkd-icon-font-elegant arrow_carrot-right mkd-btn-icon-elem\" ><\/span>            <span aria-hidden=\"true\" class=\"mkd-icon-font-elegant arrow_carrot-right mkd-btn-icon-elem\" ><\/span>        <\/span>    <\/a>\n\t\t\t\t\t<\/div>\n\n\t\t\t\t\n\t\t\t<\/div>\n\n\t\t\n\t<\/div>\n\n<\/div><\/div><\/div><\/div><\/div><div data-mkd-parallax-speed=\"1\" class=\"vc_row wpb_row vc_row-fluid mkd-section mkd-content-aligment-left\" style=\"\"><div class=\"clearfix mkd-full-section-inner\"><div class=\"wpb_column vc_column_container vc_col-sm-12\"><div class=\"vc_column-inner\"><div class=\"wpb_wrapper\"><div class=\"vc_empty_space\"   style=\"height: 36px\"><span class=\"vc_empty_space_inner\"><\/span><\/div><\/div><\/div><\/div><\/div><\/div>\n<\/div>","protected":false},"excerpt":{"rendered":"Cyrus Seper, DBA Founder &amp; Managing Partner Cyrus Seper (Sepehr) is the founder and managing partner at UniLegal, where he leads the strategic and operational management of the firm. Cyrus leverages his extensive business management experience to enhance the firm\u2019s strategic initiatives and operational effectiveness. Cyrus has a profound understanding of global business dynamics and specialized knowledge in global investigations,...","protected":false},"author":230162232,"featured_media":0,"parent":607,"menu_order":0,"comment_status":"closed","ping_status":"closed","template":"","meta":{"_crdt_document":"","content-type":"","footnotes":""},"class_list":["post-3588","page","type-page","status-publish","hentry"],"yoast_head":"<!-- This site is optimized with the Yoast SEO plugin v27.5 - https:\/\/yoast.com\/product\/yoast-seo-wordpress\/ -->\n<title>Cyrus Seper - Uni Legal<\/title>\n<meta name=\"description\" content=\"Cyrus Seper (Sepehr) is the founder and managing partner at UniLegal, where he leads the strategic and operational management of the firm.\" \/>\n<meta name=\"robots\" content=\"index, follow, max-snippet:-1, max-image-preview:large, max-video-preview:-1\" \/>\n<link rel=\"canonical\" href=\"https:\/\/universallegal.net\/es\/about-our-company\/cyrus-seper\/\" \/>\n<meta property=\"og:locale\" content=\"es_ES\" \/>\n<meta property=\"og:type\" content=\"article\" \/>\n<meta property=\"og:title\" content=\"Cyrus Seper - Uni Legal\" \/>\n<meta property=\"og:description\" content=\"Cyrus Seper (Sepehr) is the founder and managing partner at UniLegal, where he leads the strategic and operational management of the firm.\" \/>\n<meta property=\"og:url\" content=\"https:\/\/universallegal.net\/es\/about-our-company\/cyrus-seper\/\" \/>\n<meta property=\"og:site_name\" content=\"Uni Legal\" \/>\n<meta property=\"article:publisher\" content=\"https:\/\/www.facebook.com\/unilegalfirm\" \/>\n<meta property=\"article:modified_time\" content=\"2025-03-27T22:13:05+00:00\" \/>\n<meta name=\"twitter:card\" content=\"summary_large_image\" \/>\n<meta name=\"twitter:label1\" content=\"Est. reading time\" \/>\n\t<meta name=\"twitter:data1\" content=\"1 minuto\" \/>\n<script type=\"application\/ld+json\" class=\"yoast-schema-graph\">{\"@context\":\"https:\\\/\\\/schema.org\",\"@graph\":[{\"@type\":\"WebPage\",\"@id\":\"https:\\\/\\\/universallegal.net\\\/about-our-company\\\/cyrus-seper\\\/\",\"url\":\"https:\\\/\\\/universallegal.net\\\/about-our-company\\\/cyrus-seper\\\/\",\"name\":\"Cyrus Seper - Uni Legal\",\"isPartOf\":{\"@id\":\"https:\\\/\\\/universallegal.net\\\/#website\"},\"datePublished\":\"2024-08-21T12:25:26+00:00\",\"dateModified\":\"2025-03-27T22:13:05+00:00\",\"description\":\"Cyrus Seper (Sepehr) is the founder and managing partner at UniLegal, where he leads the strategic and operational management of the firm.\",\"breadcrumb\":{\"@id\":\"https:\\\/\\\/universallegal.net\\\/about-our-company\\\/cyrus-seper\\\/#breadcrumb\"},\"inLanguage\":\"es-CR\",\"potentialAction\":[{\"@type\":\"ReadAction\",\"target\":[\"https:\\\/\\\/universallegal.net\\\/about-our-company\\\/cyrus-seper\\\/\"]}]},{\"@type\":\"BreadcrumbList\",\"@id\":\"https:\\\/\\\/universallegal.net\\\/about-our-company\\\/cyrus-seper\\\/#breadcrumb\",\"itemListElement\":[{\"@type\":\"ListItem\",\"position\":1,\"name\":\"Home\",\"item\":\"https:\\\/\\\/universallegal.net\\\/\"},{\"@type\":\"ListItem\",\"position\":2,\"name\":\"About Us\",\"item\":\"https:\\\/\\\/universallegal.net\\\/about-our-company\\\/\"},{\"@type\":\"ListItem\",\"position\":3,\"name\":\"Cyrus Seper\"}]},{\"@type\":\"WebSite\",\"@id\":\"https:\\\/\\\/universallegal.net\\\/#website\",\"url\":\"https:\\\/\\\/universallegal.net\\\/\",\"name\":\"UniLegal\",\"description\":\"American-Managed Legal Services in Costa Rica\",\"publisher\":{\"@id\":\"https:\\\/\\\/universallegal.net\\\/#organization\"},\"potentialAction\":[{\"@type\":\"SearchAction\",\"target\":{\"@type\":\"EntryPoint\",\"urlTemplate\":\"https:\\\/\\\/universallegal.net\\\/?s={search_term_string}\"},\"query-input\":{\"@type\":\"PropertyValueSpecification\",\"valueRequired\":true,\"valueName\":\"search_term_string\"}}],\"inLanguage\":\"es-CR\"},{\"@type\":\"Organization\",\"@id\":\"https:\\\/\\\/universallegal.net\\\/#organization\",\"name\":\"UniLegal\",\"url\":\"https:\\\/\\\/universallegal.net\\\/\",\"logo\":{\"@type\":\"ImageObject\",\"inLanguage\":\"es-CR\",\"@id\":\"https:\\\/\\\/universallegal.net\\\/#\\\/schema\\\/logo\\\/image\\\/\",\"url\":\"https:\\\/\\\/i0.wp.com\\\/universallegal.net\\\/wp-content\\\/uploads\\\/2024\\\/09\\\/Social-3.jpg?fit=288%2C292&ssl=1\",\"contentUrl\":\"https:\\\/\\\/i0.wp.com\\\/universallegal.net\\\/wp-content\\\/uploads\\\/2024\\\/09\\\/Social-3.jpg?fit=288%2C292&ssl=1\",\"width\":288,\"height\":292,\"caption\":\"UniLegal\"},\"image\":{\"@id\":\"https:\\\/\\\/universallegal.net\\\/#\\\/schema\\\/logo\\\/image\\\/\"},\"sameAs\":[\"https:\\\/\\\/www.facebook.com\\\/unilegalfirm\",\"https:\\\/\\\/www.instagram.com\\\/unilegalfirm\"]}]}<\/script>\n<!-- \/ Yoast SEO plugin. -->","yoast_head_json":{"title":"Cyrus Seper - Uni Legal","description":"Cyrus Seper (Sepehr) is the founder and managing partner at UniLegal, where he leads the strategic and operational management of the firm.","robots":{"index":"index","follow":"follow","max-snippet":"max-snippet:-1","max-image-preview":"max-image-preview:large","max-video-preview":"max-video-preview:-1"},"canonical":"https:\/\/universallegal.net\/es\/about-our-company\/cyrus-seper\/","og_locale":"es_ES","og_type":"article","og_title":"Cyrus Seper - Uni Legal","og_description":"Cyrus Seper (Sepehr) is the founder and managing partner at UniLegal, where he leads the strategic and operational management of the firm.","og_url":"https:\/\/universallegal.net\/es\/about-our-company\/cyrus-seper\/","og_site_name":"Uni Legal","article_publisher":"https:\/\/www.facebook.com\/unilegalfirm","article_modified_time":"2025-03-27T22:13:05+00:00","twitter_card":"summary_large_image","twitter_misc":{"Est. reading time":"1 minuto"},"schema":{"@context":"https:\/\/schema.org","@graph":[{"@type":"WebPage","@id":"https:\/\/universallegal.net\/about-our-company\/cyrus-seper\/","url":"https:\/\/universallegal.net\/about-our-company\/cyrus-seper\/","name":"Cyrus Seper - Uni Legal","isPartOf":{"@id":"https:\/\/universallegal.net\/#website"},"datePublished":"2024-08-21T12:25:26+00:00","dateModified":"2025-03-27T22:13:05+00:00","description":"Cyrus Seper (Sepehr) is the founder and managing partner at UniLegal, where he leads the strategic and operational management of the firm.","breadcrumb":{"@id":"https:\/\/universallegal.net\/about-our-company\/cyrus-seper\/#breadcrumb"},"inLanguage":"es-CR","potentialAction":[{"@type":"ReadAction","target":["https:\/\/universallegal.net\/about-our-company\/cyrus-seper\/"]}]},{"@type":"BreadcrumbList","@id":"https:\/\/universallegal.net\/about-our-company\/cyrus-seper\/#breadcrumb","itemListElement":[{"@type":"ListItem","position":1,"name":"Home","item":"https:\/\/universallegal.net\/"},{"@type":"ListItem","position":2,"name":"About Us","item":"https:\/\/universallegal.net\/about-our-company\/"},{"@type":"ListItem","position":3,"name":"Cyrus Seper"}]},{"@type":"WebSite","@id":"https:\/\/universallegal.net\/#website","url":"https:\/\/universallegal.net\/","name":"UniLegal","description":"American-Managed Legal Services in Costa Rica","publisher":{"@id":"https:\/\/universallegal.net\/#organization"},"potentialAction":[{"@type":"SearchAction","target":{"@type":"EntryPoint","urlTemplate":"https:\/\/universallegal.net\/?s={search_term_string}"},"query-input":{"@type":"PropertyValueSpecification","valueRequired":true,"valueName":"search_term_string"}}],"inLanguage":"es-CR"},{"@type":"Organization","@id":"https:\/\/universallegal.net\/#organization","name":"UniLegal","url":"https:\/\/universallegal.net\/","logo":{"@type":"ImageObject","inLanguage":"es-CR","@id":"https:\/\/universallegal.net\/#\/schema\/logo\/image\/","url":"https:\/\/i0.wp.com\/universallegal.net\/wp-content\/uploads\/2024\/09\/Social-3.jpg?fit=288%2C292&ssl=1","contentUrl":"https:\/\/i0.wp.com\/universallegal.net\/wp-content\/uploads\/2024\/09\/Social-3.jpg?fit=288%2C292&ssl=1","width":288,"height":292,"caption":"UniLegal"},"image":{"@id":"https:\/\/universallegal.net\/#\/schema\/logo\/image\/"},"sameAs":["https:\/\/www.facebook.com\/unilegalfirm","https:\/\/www.instagram.com\/unilegalfirm"]}]}},"jetpack_likes_enabled":false,"jetpack_sharing_enabled":true,"jetpack_shortlink":"https:\/\/wp.me\/PetO9B-VS","jetpack-related-posts":[],"_links":{"self":[{"href":"https:\/\/universallegal.net\/es\/wp-json\/wp\/v2\/pages\/3588","targetHints":{"allow":["GET"]}}],"collection":[{"href":"https:\/\/universallegal.net\/es\/wp-json\/wp\/v2\/pages"}],"about":[{"href":"https:\/\/universallegal.net\/es\/wp-json\/wp\/v2\/types\/page"}],"author":[{"embeddable":true,"href":"https:\/\/universallegal.net\/es\/wp-json\/wp\/v2\/users\/230162232"}],"replies":[{"embeddable":true,"href":"https:\/\/universallegal.net\/es\/wp-json\/wp\/v2\/comments?post=3588"}],"version-history":[{"count":12,"href":"https:\/\/universallegal.net\/es\/wp-json\/wp\/v2\/pages\/3588\/revisions"}],"predecessor-version":[{"id":4207,"href":"https:\/\/universallegal.net\/es\/wp-json\/wp\/v2\/pages\/3588\/revisions\/4207"}],"up":[{"embeddable":true,"href":"https:\/\/universallegal.net\/es\/wp-json\/wp\/v2\/pages\/607"}],"wp:attachment":[{"href":"https:\/\/universallegal.net\/es\/wp-json\/wp\/v2\/media?parent=3588"}],"curies":[{"name":"wp","href":"https:\/\/api.w.org\/{rel}","templated":true}]}}